{"id":13,"date":"2015-11-14T11:02:15","date_gmt":"2015-11-14T10:02:15","guid":{"rendered":"https:\/\/jlphotographies.com\/?page_id=13"},"modified":"2022-07-21T16:47:41","modified_gmt":"2022-07-21T14:47:41","slug":"contact","status":"publish","type":"page","link":"https:\/\/jlphotographies.com\/index.php\/contact","title":{"rendered":"Contact"},"content":{"rendered":"<p>[fusion_builder_container background_parallax=&#8221;none&#8221; enable_mobile=&#8221;no&#8221; parallax_speed=&#8221;0.3&#8243; background_repeat=&#8221;no-repeat&#8221; background_position=&#8221;left top&#8221; video_aspect_ratio=&#8221;16:9&#8243; video_mute=&#8221;yes&#8221; video_loop=&#8221;yes&#8221; fade=&#8221;no&#8221; border_style=&#8221;solid&#8221; padding_top=&#8221;20px&#8221; padding_bottom=&#8221;80px&#8221; hundred_percent=&#8221;no&#8221; equal_height_columns=&#8221;no&#8221; hide_on_mobile=&#8221;no&#8221; border_sizes_top=&#8221;0px&#8221; border_sizes_bottom=&#8221;0px&#8221; border_sizes_left=&#8221;0px&#8221; border_sizes_right=&#8221;0px&#8221; type=&#8221;flex&#8221; flex_justify_content=&#8221;center&#8221; padding_right_medium=&#8221;8%&#8221; padding_left_medium=&#8221;8%&#8221; padding_top_small=&#8221;50px&#8221;][fusion_builder_row][fusion_builder_column type=&#8221;1_1&#8243; type=&#8221;1_1&#8243; layout=&#8221;1_1&#8243; last=&#8221;true&#8221; spacing=&#8221;yes&#8221; center_content=&#8221;no&#8221; hide_on_mobile=&#8221;no&#8221; background_repeat=&#8221;no-repeat&#8221; background_position=&#8221;left top&#8221; hover_type=&#8221;none&#8221; border_position=&#8221;all&#8221; border_style=&#8221;solid&#8221; padding_top=&#8221;0%&#8221; padding_right=&#8221;10%&#8221; padding_bottom=&#8221;0%&#8221; padding_left=&#8221;10%&#8221; margin_bottom=&#8221;30px&#8221; animation_type=&#8221;0&#8243; animation_direction=&#8221;down&#8221; animation_speed=&#8221;0.1&#8243; border_sizes_top=&#8221;0px&#8221; border_sizes_bottom=&#8221;0px&#8221; border_sizes_left=&#8221;0px&#8221; border_sizes_right=&#8221;0px&#8221; first=&#8221;true&#8221; padding_left_medium=&#8221;20px&#8221; padding_right_medium=&#8221;20px&#8221; margin_bottom_medium=&#8221;30px&#8221; min_height=&#8221;&#8221; link=&#8221;&#8221;][fusion_title title_type=&#8221;text&#8221; rotation_effect=&#8221;bounceIn&#8221; display_time=&#8221;1200&#8243; highlight_effect=&#8221;circle&#8221; loop_animation=&#8221;off&#8221; highlight_width=&#8221;9&#8243; highlight_top_margin=&#8221;0&#8243; content_align=&#8221;center&#8221; size=&#8221;3&#8243; style_type=&#8221;none&#8221; animation_direction=&#8221;left&#8221; animation_speed=&#8221;0.3&#8243; hide_on_mobile=&#8221;small-visibility,medium-visibility,large-visibility&#8221; sticky_display=&#8221;normal,sticky&#8221;]Me contacter[\/fusion_title][fusion_text]<\/p>\n<p style=\"text-align: center;\">Cela fait partie du travail du photographe de voir plus intens\u00e9ment que la plupart des gens. Il doit avoir et garder en lui quelque chose de la r\u00e9ceptivit\u00e9 de l&#8217;enfant qui regarde le monde pour la premi\u00e8re fois ou du voyageur qui p\u00e9n\u00e8tre dans un pays \u00e9trange.&nbsp; &nbsp; &nbsp; &nbsp; &nbsp; &nbsp;&#8211; Bill Brandt &#8211;<\/p>\n<p>[\/fusion_text][\/fusion_builder_column][fusion_builder_column type=&#8221;1_4&#8243; type=&#8221;1_4&#8243; layout=&#8221;1_4&#8243; last=&#8221;false&#8221; spacing=&#8221;yes&#8221; center_content=&#8221;no&#8221; hide_on_mobile=&#8221;large-visibility&#8221; background_repeat=&#8221;no-repeat&#8221; background_position=&#8221;left top&#8221; hover_type=&#8221;none&#8221; border_position=&#8221;all&#8221; border_style=&#8221;solid&#8221; margin_bottom=&#8221;1px&#8221; animation_type=&#8221;0&#8243; animation_direction=&#8221;down&#8221; animation_speed=&#8221;0.1&#8243; element_content=&#8221;&#8221; border_sizes_top=&#8221;0px&#8221; border_sizes_bottom=&#8221;0px&#8221; border_sizes_left=&#8221;0px&#8221; border_sizes_right=&#8221;0px&#8221; first=&#8221;true&#8221; spacing_right=&#8221;2%&#8221; min_height=&#8221;&#8221; link=&#8221;&#8221;][\/fusion_builder_column][fusion_builder_column type=&#8221;1_2&#8243; type=&#8221;1_2&#8243; layout=&#8221;1_2&#8243; last=&#8221;false&#8221; spacing=&#8221;yes&#8221; center_content=&#8221;no&#8221; hide_on_mobile=&#8221;no&#8221; background_repeat=&#8221;no-repeat&#8221; background_position=&#8221;left top&#8221; hover_type=&#8221;none&#8221; border_position=&#8221;all&#8221; border_style=&#8221;solid&#8221; margin_bottom=&#8221;0&#8243; animation_type=&#8221;0&#8243; animation_direction=&#8221;down&#8221; animation_speed=&#8221;0.1&#8243; border_sizes_top=&#8221;0px&#8221; border_sizes_bottom=&#8221;0px&#8221; border_sizes_left=&#8221;0px&#8221; border_sizes_right=&#8221;0px&#8221; first=&#8221;false&#8221; spacing_right=&#8221;2%&#8221; spacing_left=&#8221;2%&#8221; min_height=&#8221;&#8221; link=&#8221;&#8221;][fusion_form form_post_id=&#8221;1040&#8243; hide_on_mobile=&#8221;small-visibility,medium-visibility,large-visibility&#8221; \/][\/fusion_builder_column][fusion_builder_column type=&#8221;1_4&#8243; type=&#8221;1_4&#8243; layout=&#8221;1_4&#8243; last=&#8221;true&#8221; spacing=&#8221;yes&#8221; center_content=&#8221;no&#8221; hide_on_mobile=&#8221;large-visibility&#8221; background_repeat=&#8221;no-repeat&#8221; background_position=&#8221;left top&#8221; hover_type=&#8221;none&#8221; border_position=&#8221;all&#8221; border_style=&#8221;solid&#8221; margin_bottom=&#8221;1px&#8221; animation_type=&#8221;0&#8243; animation_direction=&#8221;down&#8221; animation_speed=&#8221;0.1&#8243; element_content=&#8221;&#8221; border_sizes_top=&#8221;0px&#8221; border_sizes_bottom=&#8221;0px&#8221; border_sizes_left=&#8221;0px&#8221; border_sizes_right=&#8221;0px&#8221; first=&#8221;false&#8221; spacing_left=&#8221;2%&#8221; min_height=&#8221;&#8221; link=&#8221;&#8221;][\/fusion_builder_column][\/fusion_builder_row][\/fusion_builder_container][fusion_builder_container hundred_percent=&#8221;yes&#8221; equal_height_columns=&#8221;no&#8221; hide_on_mobile=&#8221;no&#8221; background_color=&#8221;var(&#8211;awb-color7)&#8221; background_position=&#8221;left top&#8221; background_repeat=&#8221;no-repeat&#8221; fade=&#8221;no&#8221; background_parallax=&#8221;none&#8221; enable_mobile=&#8221;no&#8221; parallax_speed=&#8221;0.3&#8243; video_aspect_ratio=&#8221;16:9&#8243; video_loop=&#8221;yes&#8221; video_mute=&#8221;yes&#8221; border_style=&#8221;solid&#8221; padding_top=&#8221;80px&#8221; padding_right=&#8221;4%&#8221; padding_bottom=&#8221;100px&#8221; padding_left=&#8221;4%&#8221; border_sizes_top=&#8221;0px&#8221; border_sizes_bottom=&#8221;0px&#8221; border_sizes_left=&#8221;0px&#8221; border_sizes_right=&#8221;0px&#8221; type=&#8221;flex&#8221; flex_justify_content=&#8221;center&#8221; padding_bottom_small=&#8221;70px&#8221;][fusion_builder_row][fusion_builder_column type=&#8221;1_4&#8243; type=&#8221;1_4&#8243; layout=&#8221;1_4&#8243; last=&#8221;false&#8221; spacing=&#8221;yes&#8221; center_content=&#8221;no&#8221; hide_on_mobile=&#8221;large-visibility&#8221; background_repeat=&#8221;no-repeat&#8221; background_position=&#8221;left top&#8221; hover_type=&#8221;none&#8221; border_position=&#8221;all&#8221; border_style=&#8221;solid&#8221; animation_type=&#8221;0&#8243; animation_direction=&#8221;down&#8221; animation_speed=&#8221;0.1&#8243; element_content=&#8221;&#8221; border_sizes_top=&#8221;0px&#8221; border_sizes_bottom=&#8221;0px&#8221; border_sizes_left=&#8221;0px&#8221; border_sizes_right=&#8221;0px&#8221; first=&#8221;true&#8221; spacing_right=&#8221;2%&#8221; min_height=&#8221;&#8221; link=&#8221;&#8221;][\/fusion_builder_column][fusion_builder_column type=&#8221;1_2&#8243; type=&#8221;1_2&#8243; layout=&#8221;1_2&#8243; last=&#8221;false&#8221; spacing=&#8221;yes&#8221; center_content=&#8221;no&#8221; hide_on_mobile=&#8221;no&#8221; background_repeat=&#8221;no-repeat&#8221; background_position=&#8221;left top&#8221; hover_type=&#8221;none&#8221; border_position=&#8221;all&#8221; border_style=&#8221;solid&#8221; animation_type=&#8221;0&#8243; animation_direction=&#8221;down&#8221; animation_speed=&#8221;0.1&#8243; border_sizes_top=&#8221;0px&#8221; border_sizes_bottom=&#8221;0px&#8221; border_sizes_left=&#8221;0px&#8221; border_sizes_right=&#8221;0px&#8221; first=&#8221;false&#8221; spacing_right=&#8221;2%&#8221; spacing_left=&#8221;2%&#8221; min_height=&#8221;&#8221; link=&#8221;&#8221;][fusion_title size=&#8221;3&#8243; content_align=&#8221;center&#8221; style_type=&#8221;single solid&#8221;]<\/p>\n<p>PORTFOLIO<\/p>\n<p>[\/fusion_title][\/fusion_builder_column][fusion_builder_column type=&#8221;1_4&#8243; type=&#8221;1_4&#8243; layout=&#8221;1_4&#8243; last=&#8221;true&#8221; spacing=&#8221;yes&#8221; center_content=&#8221;no&#8221; hide_on_mobile=&#8221;large-visibility&#8221; background_repeat=&#8221;no-repeat&#8221; background_position=&#8221;left top&#8221; hover_type=&#8221;none&#8221; border_position=&#8221;all&#8221; border_style=&#8221;solid&#8221; animation_type=&#8221;0&#8243; animation_direction=&#8221;down&#8221; animation_speed=&#8221;0.1&#8243; element_content=&#8221;&#8221; border_sizes_top=&#8221;0px&#8221; border_sizes_bottom=&#8221;0px&#8221; border_sizes_left=&#8221;0px&#8221; border_sizes_right=&#8221;0px&#8221; first=&#8221;false&#8221; spacing_left=&#8221;2%&#8221; min_height=&#8221;&#8221; link=&#8221;&#8221;][\/fusion_builder_column][fusion_builder_column type=&#8221;1_1&#8243; type=&#8221;1_1&#8243; layout=&#8221;1_1&#8243; background_position=&#8221;left top&#8221; border_style=&#8221;solid&#8221; spacing=&#8221;yes&#8221; background_repeat=&#8221;no-repeat&#8221; margin_top=&#8221;0px&#8221; margin_bottom=&#8221;0px&#8221; animation_speed=&#8221;0.3&#8243; animation_direction=&#8221;left&#8221; hide_on_mobile=&#8221;no&#8221; center_content=&#8221;no&#8221; min_height=&#8221;none&#8221; last=&#8221;true&#8221; hover_type=&#8221;none&#8221; border_position=&#8221;all&#8221; align_self=&#8221;flex-start&#8221; first=&#8221;true&#8221; link=&#8221;&#8221;][fusion_portfolio layout=&#8221;grid&#8221; picture_size=&#8221;auto&#8221; text_layout=&#8221;boxed&#8221; columns=&#8221;3&#8243; one_column_text_position=&#8221;below&#8221; column_spacing=&#8221;40&#8243; portfolio_title_display=&#8221;title&#8221; portfolio_text_alignment=&#8221;center&#8221; filters=&#8221;no&#8221; number_posts=&#8221;9&#8243; pagination_type=&#8221;none&#8221; content_length=&#8221;excerpt&#8221; excerpt_length=&#8221;0&#8243; strip_html=&#8221;yes&#8221; carousel_layout=&#8221;title_on_rollover&#8221; autoplay=&#8221;no&#8221; show_nav=&#8221;yes&#8221; mouse_scroll=&#8221;no&#8221; hide_on_mobile=&#8221;small-visibility,medium-visibility,large-visibility&#8221; animation_direction=&#8221;down&#8221; animation_speed=&#8221;0.1&#8243; \/][\/fusion_builder_column][\/fusion_builder_row][\/fusion_builder_container]<\/p>\n","protected":false},"excerpt":{"rendered":"<p>[fusion_builder_container background_parallax=&#8221;none&#8221; enable_mobile=&#8221;no&#8221; parallax_speed=&#8221;0.3&#8243; background_repeat=&#8221;no-repeat&#8221; background_position=&#8221;left top&#8221; video_aspect_ratio=&#8221;16:9&#8243; video_mute=&#8221;yes&#8221; video_loop=&#8221;yes&#8221; fade=&#8221;no&#8221; border_style=&#8221;solid&#8221; padding_top=&#8221;20px&#8221; padding_bottom=&#8221;80px&#8221; hundred_percent=&#8221;no&#8221; equal_height_columns=&#8221;no&#8221; hide_on_mobile=&#8221;no&#8221; border_sizes_top=&#8221;0px&#8221; border_sizes_bottom=&#8221;0px&#8221; border_sizes_left=&#8221;0px&#8221; border_sizes_right=&#8221;0px&#8221; type=&#8221;flex&#8221; flex_justify_content=&#8221;center&#8221; padding_right_medium=&#8221;8%&#8221; padding_left_medium=&#8221;8%&#8221; padding_top_small=&#8221;50px&#8221;][fusion_builder_row][fusion_builder_column type=&#8221;1_1&#8243; type=&#8221;1_1&#8243; layout=&#8221;1_1&#8243; last=&#8221;true&#8221; spacing=&#8221;yes&#8221; center_content=&#8221;no&#8221; hide_on_mobile=&#8221;no&#8221; background_repeat=&#8221;no-repeat&#8221; background_position=&#8221;left top&#8221; hover_type=&#8221;none&#8221; border_position=&#8221;all&#8221; border_style=&#8221;solid&#8221; padding_top=&#8221;0%&#8221; padding_right=&#8221;10%&#8221; padding_bottom=&#8221;0%&#8221; padding_left=&#8221;10%&#8221; margin_bottom=&#8221;30px&#8221; animation_type=&#8221;0&#8243; animation_direction=&#8221;down&#8221; animation_speed=&#8221;0.1&#8243; border_sizes_top=&#8221;0px&#8221; border_sizes_bottom=&#8221;0px&#8221; border_sizes_left=&#8221;0px&#8221; border_sizes_right=&#8221;0px&#8221; first=&#8221;true&#8221; padding_left_medium=&#8221;20px&#8221; padding_right_medium=&#8221;20px&#8221; margin_bottom_medium=&#8221;30px&#8221; [&hellip;]<\/p>\n","protected":false},"author":1,"featured_media":0,"parent":0,"menu_order":0,"comment_status":"closed","ping_status":"closed","template":"","meta":[],"yoast_head":"<!-- This site is optimized with the Yoast SEO plugin v19.3 - https:\/\/yoast.com\/wordpress\/plugins\/seo\/ -->\n<title>Contact - JLPhotographies<\/title>\n<meta name=\"robots\" content=\"index, follow, max-snippet:-1, max-image-preview:large, max-video-preview:-1\" \/>\n<link rel=\"canonical\" href=\"https:\/\/jlphotographies.com\/index.php\/contact\" \/>\n<meta property=\"og:locale\" content=\"en_US\" \/>\n<meta property=\"og:type\" content=\"article\" \/>\n<meta property=\"og:title\" content=\"Contact - JLPhotographies\" \/>\n<meta property=\"og:description\" content=\"[fusion_builder_container background_parallax=&#8221;none&#8221; enable_mobile=&#8221;no&#8221; parallax_speed=&#8221;0.3&#8243; background_repeat=&#8221;no-repeat&#8221; background_position=&#8221;left top&#8221; video_aspect_ratio=&#8221;16:9&#8243; video_mute=&#8221;yes&#8221; video_loop=&#8221;yes&#8221; fade=&#8221;no&#8221; border_style=&#8221;solid&#8221; padding_top=&#8221;20px&#8221; padding_bottom=&#8221;80px&#8221; hundred_percent=&#8221;no&#8221; equal_height_columns=&#8221;no&#8221; hide_on_mobile=&#8221;no&#8221; border_sizes_top=&#8221;0px&#8221; border_sizes_bottom=&#8221;0px&#8221; border_sizes_left=&#8221;0px&#8221; border_sizes_right=&#8221;0px&#8221; type=&#8221;flex&#8221; flex_justify_content=&#8221;center&#8221; padding_right_medium=&#8221;8%&#8221; padding_left_medium=&#8221;8%&#8221; padding_top_small=&#8221;50px&#8221;][fusion_builder_row][fusion_builder_column type=&#8221;1_1&#8243; type=&#8221;1_1&#8243; layout=&#8221;1_1&#8243; last=&#8221;true&#8221; spacing=&#8221;yes&#8221; center_content=&#8221;no&#8221; hide_on_mobile=&#8221;no&#8221; background_repeat=&#8221;no-repeat&#8221; background_position=&#8221;left top&#8221; hover_type=&#8221;none&#8221; border_position=&#8221;all&#8221; border_style=&#8221;solid&#8221; padding_top=&#8221;0%&#8221; padding_right=&#8221;10%&#8221; padding_bottom=&#8221;0%&#8221; padding_left=&#8221;10%&#8221; margin_bottom=&#8221;30px&#8221; animation_type=&#8221;0&#8243; animation_direction=&#8221;down&#8221; animation_speed=&#8221;0.1&#8243; border_sizes_top=&#8221;0px&#8221; border_sizes_bottom=&#8221;0px&#8221; border_sizes_left=&#8221;0px&#8221; border_sizes_right=&#8221;0px&#8221; first=&#8221;true&#8221; padding_left_medium=&#8221;20px&#8221; padding_right_medium=&#8221;20px&#8221; margin_bottom_medium=&#8221;30px&#8221; [&hellip;]\" \/>\n<meta property=\"og:url\" content=\"https:\/\/jlphotographies.com\/index.php\/contact\" \/>\n<meta property=\"og:site_name\" content=\"JLPhotographies\" \/>\n<meta property=\"article:modified_time\" content=\"2022-07-21T14:47:41+00:00\" \/>\n<meta name=\"twitter:card\" content=\"summary_large_image\" \/>\n<meta name=\"twitter:label1\" content=\"Est. reading time\" \/>\n\t<meta name=\"twitter:data1\" content=\"2 minutes\" \/>\n<script type=\"application\/ld+json\" class=\"yoast-schema-graph\">{\"@context\":\"https:\/\/schema.org\",\"@graph\":[{\"@type\":\"Organization\",\"@id\":\"https:\/\/jlphotographies.com\/#organization\",\"name\":\"JLPhotographies\",\"url\":\"https:\/\/jlphotographies.com\/\",\"sameAs\":[],\"logo\":{\"@type\":\"ImageObject\",\"inLanguage\":\"en-US\",\"@id\":\"https:\/\/jlphotographies.com\/#\/schema\/logo\/image\/\",\"url\":\"https:\/\/jlphotographies.com\/wp-content\/uploads\/2022\/03\/cropped-2.jpg\",\"contentUrl\":\"https:\/\/jlphotographies.com\/wp-content\/uploads\/2022\/03\/cropped-2.jpg\",\"width\":500,\"height\":327,\"caption\":\"JLPhotographies\"},\"image\":{\"@id\":\"https:\/\/jlphotographies.com\/#\/schema\/logo\/image\/\"}},{\"@type\":\"WebSite\",\"@id\":\"https:\/\/jlphotographies.com\/#website\",\"url\":\"https:\/\/jlphotographies.com\/\",\"name\":\"JLPhotographies\",\"description\":\"PASSION\",\"publisher\":{\"@id\":\"https:\/\/jlphotographies.com\/#organization\"},\"potentialAction\":[{\"@type\":\"SearchAction\",\"target\":{\"@type\":\"EntryPoint\",\"urlTemplate\":\"https:\/\/jlphotographies.com\/?s={search_term_string}\"},\"query-input\":\"required name=search_term_string\"}],\"inLanguage\":\"en-US\"},{\"@type\":\"WebPage\",\"@id\":\"https:\/\/jlphotographies.com\/index.php\/contact\",\"url\":\"https:\/\/jlphotographies.com\/index.php\/contact\",\"name\":\"Contact - JLPhotographies\",\"isPartOf\":{\"@id\":\"https:\/\/jlphotographies.com\/#website\"},\"datePublished\":\"2015-11-14T10:02:15+00:00\",\"dateModified\":\"2022-07-21T14:47:41+00:00\",\"breadcrumb\":{\"@id\":\"https:\/\/jlphotographies.com\/index.php\/contact#breadcrumb\"},\"inLanguage\":\"en-US\",\"potentialAction\":[{\"@type\":\"ReadAction\",\"target\":[\"https:\/\/jlphotographies.com\/index.php\/contact\"]}]},{\"@type\":\"BreadcrumbList\",\"@id\":\"https:\/\/jlphotographies.com\/index.php\/contact#breadcrumb\",\"itemListElement\":[{\"@type\":\"ListItem\",\"position\":1,\"name\":\"Accueil\",\"item\":\"https:\/\/jlphotographies.com\/\"},{\"@type\":\"ListItem\",\"position\":2,\"name\":\"Contact\"}]}]}<\/script>\n<!-- \/ Yoast SEO plugin. -->","yoast_head_json":{"title":"Contact - JLPhotographies","robots":{"index":"index","follow":"follow","max-snippet":"max-snippet:-1","max-image-preview":"max-image-preview:large","max-video-preview":"max-video-preview:-1"},"canonical":"https:\/\/jlphotographies.com\/index.php\/contact","og_locale":"en_US","og_type":"article","og_title":"Contact - JLPhotographies","og_description":"[fusion_builder_container background_parallax=&#8221;none&#8221; enable_mobile=&#8221;no&#8221; parallax_speed=&#8221;0.3&#8243; background_repeat=&#8221;no-repeat&#8221; background_position=&#8221;left top&#8221; video_aspect_ratio=&#8221;16:9&#8243; video_mute=&#8221;yes&#8221; video_loop=&#8221;yes&#8221; fade=&#8221;no&#8221; border_style=&#8221;solid&#8221; padding_top=&#8221;20px&#8221; padding_bottom=&#8221;80px&#8221; hundred_percent=&#8221;no&#8221; equal_height_columns=&#8221;no&#8221; hide_on_mobile=&#8221;no&#8221; border_sizes_top=&#8221;0px&#8221; border_sizes_bottom=&#8221;0px&#8221; border_sizes_left=&#8221;0px&#8221; border_sizes_right=&#8221;0px&#8221; type=&#8221;flex&#8221; flex_justify_content=&#8221;center&#8221; padding_right_medium=&#8221;8%&#8221; padding_left_medium=&#8221;8%&#8221; padding_top_small=&#8221;50px&#8221;][fusion_builder_row][fusion_builder_column type=&#8221;1_1&#8243; type=&#8221;1_1&#8243; layout=&#8221;1_1&#8243; last=&#8221;true&#8221; spacing=&#8221;yes&#8221; center_content=&#8221;no&#8221; hide_on_mobile=&#8221;no&#8221; background_repeat=&#8221;no-repeat&#8221; background_position=&#8221;left top&#8221; hover_type=&#8221;none&#8221; border_position=&#8221;all&#8221; border_style=&#8221;solid&#8221; padding_top=&#8221;0%&#8221; padding_right=&#8221;10%&#8221; padding_bottom=&#8221;0%&#8221; padding_left=&#8221;10%&#8221; margin_bottom=&#8221;30px&#8221; animation_type=&#8221;0&#8243; animation_direction=&#8221;down&#8221; animation_speed=&#8221;0.1&#8243; border_sizes_top=&#8221;0px&#8221; border_sizes_bottom=&#8221;0px&#8221; border_sizes_left=&#8221;0px&#8221; border_sizes_right=&#8221;0px&#8221; first=&#8221;true&#8221; padding_left_medium=&#8221;20px&#8221; padding_right_medium=&#8221;20px&#8221; margin_bottom_medium=&#8221;30px&#8221; [&hellip;]","og_url":"https:\/\/jlphotographies.com\/index.php\/contact","og_site_name":"JLPhotographies","article_modified_time":"2022-07-21T14:47:41+00:00","twitter_card":"summary_large_image","twitter_misc":{"Est. reading time":"2 minutes"},"schema":{"@context":"https:\/\/schema.org","@graph":[{"@type":"Organization","@id":"https:\/\/jlphotographies.com\/#organization","name":"JLPhotographies","url":"https:\/\/jlphotographies.com\/","sameAs":[],"logo":{"@type":"ImageObject","inLanguage":"en-US","@id":"https:\/\/jlphotographies.com\/#\/schema\/logo\/image\/","url":"https:\/\/jlphotographies.com\/wp-content\/uploads\/2022\/03\/cropped-2.jpg","contentUrl":"https:\/\/jlphotographies.com\/wp-content\/uploads\/2022\/03\/cropped-2.jpg","width":500,"height":327,"caption":"JLPhotographies"},"image":{"@id":"https:\/\/jlphotographies.com\/#\/schema\/logo\/image\/"}},{"@type":"WebSite","@id":"https:\/\/jlphotographies.com\/#website","url":"https:\/\/jlphotographies.com\/","name":"JLPhotographies","description":"PASSION","publisher":{"@id":"https:\/\/jlphotographies.com\/#organization"},"potentialAction":[{"@type":"SearchAction","target":{"@type":"EntryPoint","urlTemplate":"https:\/\/jlphotographies.com\/?s={search_term_string}"},"query-input":"required name=search_term_string"}],"inLanguage":"en-US"},{"@type":"WebPage","@id":"https:\/\/jlphotographies.com\/index.php\/contact","url":"https:\/\/jlphotographies.com\/index.php\/contact","name":"Contact - JLPhotographies","isPartOf":{"@id":"https:\/\/jlphotographies.com\/#website"},"datePublished":"2015-11-14T10:02:15+00:00","dateModified":"2022-07-21T14:47:41+00:00","breadcrumb":{"@id":"https:\/\/jlphotographies.com\/index.php\/contact#breadcrumb"},"inLanguage":"en-US","potentialAction":[{"@type":"ReadAction","target":["https:\/\/jlphotographies.com\/index.php\/contact"]}]},{"@type":"BreadcrumbList","@id":"https:\/\/jlphotographies.com\/index.php\/contact#breadcrumb","itemListElement":[{"@type":"ListItem","position":1,"name":"Accueil","item":"https:\/\/jlphotographies.com\/"},{"@type":"ListItem","position":2,"name":"Contact"}]}]}},"_links":{"self":[{"href":"https:\/\/jlphotographies.com\/index.php\/wp-json\/wp\/v2\/pages\/13"}],"collection":[{"href":"https:\/\/jlphotographies.com\/index.php\/wp-json\/wp\/v2\/pages"}],"about":[{"href":"https:\/\/jlphotographies.com\/index.php\/wp-json\/wp\/v2\/types\/page"}],"author":[{"embeddable":true,"href":"https:\/\/jlphotographies.com\/index.php\/wp-json\/wp\/v2\/users\/1"}],"replies":[{"embeddable":true,"href":"https:\/\/jlphotographies.com\/index.php\/wp-json\/wp\/v2\/comments?post=13"}],"version-history":[{"count":7,"href":"https:\/\/jlphotographies.com\/index.php\/wp-json\/wp\/v2\/pages\/13\/revisions"}],"predecessor-version":[{"id":1712,"href":"https:\/\/jlphotographies.com\/index.php\/wp-json\/wp\/v2\/pages\/13\/revisions\/1712"}],"wp:attachment":[{"href":"https:\/\/jlphotographies.com\/index.php\/wp-json\/wp\/v2\/media?parent=13"}],"curies":[{"name":"wp","href":"https:\/\/api.w.org\/{rel}","templated":true}]}}